{"id":7805,"date":"2021-05-31T12:57:45","date_gmt":"2021-05-31T15:57:45","guid":{"rendered":"https:\/\/www.pharlog.com.br\/?page_id=7805"},"modified":"2021-05-31T13:52:18","modified_gmt":"2021-05-31T16:52:18","slug":"pharlog-saude","status":"publish","type":"page","link":"https:\/\/www.pharlog.com.br\/?page_id=7805","title":{"rendered":"Pharlog Sa\u00fade"},"content":{"rendered":"<section class=\"l-section wpb_row height_huge color_primary with_img parallax_ver\"><div class=\"l-section-img\" data-img-width=\"1920\" data-img-height=\"1080\" style=\"background-image: url(https:\/\/www.pharlog.com.br\/wp-content\/uploads\/2021\/05\/medic.jpg);background-repeat: no-repeat;\"><\/div><div class=\"l-section-h i-cf\"><div class=\"g-cols vc_row via_flex valign_top type_default stacking_default\"><div class=\"vc_col-sm-8 wpb_column vc_column_container\"><div class=\"vc_column-inner\"><div class=\"wpb_wrapper\"><div class=\"wpb_text_column\"><div class=\"wpb_wrapper\"><h1 style=\"text-align: left;\">Pharlog Sa\u00fade<\/h1>\n<h4 style=\"text-align: left;\">Quando tratamos de sa\u00fade a qualidade \u00e9 vital.<\/h4>\n<\/div><\/div><\/div><\/div><\/div><div class=\"vc_col-sm-4 wpb_column vc_column_container\"><div class=\"vc_column-inner\"><div class=\"wpb_wrapper\"><\/div><\/div><\/div><\/div><\/div><\/section><section class=\"l-section wpb_row height_auto\"><div class=\"l-section-h i-cf\"><div class=\"g-cols vc_row via_flex valign_top type_default stacking_default\"><div class=\"vc_col-sm-12 vc_hidden-xs wpb_column vc_column_container\"><div class=\"vc_column-inner us_custom_f9dc0060\"><div class=\"wpb_wrapper\"><div class=\"g-cols wpb_row via_flex valign_top type_default stacking_default\"><div class=\"vc_col-sm-12 wpb_column vc_column_container\"><div class=\"vc_column-inner\"><div class=\"wpb_wrapper\"><div class=\"w-image align_center\"><div class=\"w-image-h\"><img loading=\"lazy\" decoding=\"async\" width=\"1280\" height=\"638\" src=\"https:\/\/www.pharlog.com.br\/wp-content\/uploads\/2021\/05\/img_top_saude.jpg\" class=\"attachment-large size-large\" alt=\"\" srcset=\"https:\/\/www.pharlog.com.br\/wp-content\/uploads\/2021\/05\/img_top_saude.jpg 1600w, https:\/\/www.pharlog.com.br\/wp-content\/uploads\/2021\/05\/img_top_saude-600x299.jpg 600w, https:\/\/www.pharlog.com.br\/wp-content\/uploads\/2021\/05\/img_top_saude-160x80.jpg 160w, https:\/\/www.pharlog.com.br\/wp-content\/uploads\/2021\/05\/img_top_saude-400x199.jpg 400w\" sizes=\"auto, (max-width: 1280px) 100vw, 1280px\" \/><\/div><\/div><\/div><\/div><\/div><\/div><\/div><\/div><\/div><\/div><\/div><\/section><section class=\"l-section wpb_row height_auto\"><div class=\"l-section-h i-cf\"><div class=\"g-cols vc_row via_flex valign_top type_default stacking_default\"><div class=\"vc_col-sm-12 vc_hidden-lg vc_hidden-md vc_hidden-sm wpb_column vc_column_container\"><div class=\"vc_column-inner us_custom_1f64da91\"><div class=\"wpb_wrapper\"><div class=\"g-cols wpb_row via_flex valign_top type_default stacking_default\"><div class=\"vc_col-sm-12 wpb_column vc_column_container\"><div class=\"vc_column-inner\"><div class=\"wpb_wrapper\"><div class=\"w-image align_center\"><div class=\"w-image-h\"><img loading=\"lazy\" decoding=\"async\" width=\"1280\" height=\"638\" src=\"https:\/\/www.pharlog.com.br\/wp-content\/uploads\/2021\/05\/img_top_saude.jpg\" class=\"attachment-large size-large\" alt=\"\" srcset=\"https:\/\/www.pharlog.com.br\/wp-content\/uploads\/2021\/05\/img_top_saude.jpg 1600w, https:\/\/www.pharlog.com.br\/wp-content\/uploads\/2021\/05\/img_top_saude-600x299.jpg 600w, https:\/\/www.pharlog.com.br\/wp-content\/uploads\/2021\/05\/img_top_saude-160x80.jpg 160w, https:\/\/www.pharlog.com.br\/wp-content\/uploads\/2021\/05\/img_top_saude-400x199.jpg 400w\" sizes=\"auto, (max-width: 1280px) 100vw, 1280px\" \/><\/div><\/div><\/div><\/div><\/div><\/div><\/div><\/div><\/div><\/div><\/div><\/section><section class=\"l-section wpb_row height_custom\"><div class=\"l-section-h i-cf\"><div class=\"g-cols vc_row via_flex valign_middle type_default stacking_default\"><div class=\"vc_col-sm-4 wpb_column vc_column_container\"><div class=\"vc_column-inner\"><div class=\"wpb_wrapper\"><div class=\"w-image align_none\"><div class=\"w-image-h\"><img loading=\"lazy\" decoding=\"async\" width=\"700\" height=\"160\" src=\"https:\/\/www.pharlog.com.br\/wp-content\/uploads\/2021\/05\/ANVISA.png\" class=\"attachment-large size-large\" alt=\"\" srcset=\"https:\/\/www.pharlog.com.br\/wp-content\/uploads\/2021\/05\/ANVISA.png 700w, https:\/\/www.pharlog.com.br\/wp-content\/uploads\/2021\/05\/ANVISA-600x137.png 600w, https:\/\/www.pharlog.com.br\/wp-content\/uploads\/2021\/05\/ANVISA-160x37.png 160w, https:\/\/www.pharlog.com.br\/wp-content\/uploads\/2021\/05\/ANVISA-400x91.png 400w\" sizes=\"auto, (max-width: 700px) 100vw, 700px\" \/><\/div><\/div><\/div><\/div><\/div><div class=\"vc_col-sm-8 wpb_column vc_column_container\"><div class=\"vc_column-inner\"><div class=\"wpb_wrapper\"><div class=\"wpb_text_column\"><div class=\"wpb_wrapper\"><h2>Voc\u00ea j\u00e1 parou para buscar no Google o assunto: Transportadoras com Licen\u00e7a Anvisa?<\/h2>\n<\/div><\/div><\/div><\/div><\/div><\/div><\/div><\/section><section class=\"l-section wpb_row us_custom_ee63730a height_auto width_full color_primary\" id=\"works\"><div class=\"l-section-h i-cf\"><div class=\"g-cols vc_row via_flex valign_middle type_boxes stacking_default\"><div class=\"vc_col-sm-12 wpb_column vc_column_container us_animate_afl\" style=\"animation-delay:0.2s\"><div class=\"vc_column-inner\"><div class=\"wpb_wrapper\"><div class=\"g-cols wpb_row via_flex valign_top type_default stacking_default\"><div class=\"vc_col-sm-8 wpb_column vc_column_container\"><div class=\"vc_column-inner\"><div class=\"wpb_wrapper\"><div class=\"w-image align_center\"><div class=\"w-image-h\"><img loading=\"lazy\" decoding=\"async\" width=\"1280\" height=\"833\" src=\"https:\/\/www.pharlog.com.br\/wp-content\/uploads\/2021\/05\/img2_saude-1.jpg\" class=\"attachment-large size-large\" alt=\"\" srcset=\"https:\/\/www.pharlog.com.br\/wp-content\/uploads\/2021\/05\/img2_saude-1.jpg 1600w, https:\/\/www.pharlog.com.br\/wp-content\/uploads\/2021\/05\/img2_saude-1-600x390.jpg 600w, https:\/\/www.pharlog.com.br\/wp-content\/uploads\/2021\/05\/img2_saude-1-160x104.jpg 160w, https:\/\/www.pharlog.com.br\/wp-content\/uploads\/2021\/05\/img2_saude-1-400x260.jpg 400w\" sizes=\"auto, (max-width: 1280px) 100vw, 1280px\" \/><\/div><\/div><\/div><\/div><\/div><div class=\"vc_col-sm-4 wpb_column vc_column_container\"><div class=\"vc_column-inner\"><div class=\"wpb_wrapper\"><div class=\"wpb_text_column\"><div class=\"wpb_wrapper\"><p>A Pharlog possui mais de dez anos de atua\u00e7\u00e3o no segmento sa\u00fade realizando servi\u00e7os de Transporte e Log\u00edstica com diversas atividades, como: Transporte rodovi\u00e1rio, transporte a\u00e9reo, distribui\u00e7\u00e3o, entregas expressas, entregas urgentes, cargas nacionalizadas DI \u2013 Importa\u00e7\u00e3o e Exporta\u00e7\u00e3o, transporte de equipamentos (grandes volumes e sens\u00edveis), m\u00e9dicos, hospitalares, log\u00edstica promocional, montagem de kit\u2019s e positiva\u00e7\u00e3o.<\/p>\n<\/div><\/div><div class=\"w-separator size_small\"><\/div><div class=\"wpb_text_column us_custom_f737cdaa has_text_color\"><div class=\"wpb_wrapper\"><ul>\n<li><strong>Transporte para hospitais, cl\u00ednicas, hotline, entregas urgentes.<\/strong><\/li>\n<\/ul>\n<\/div><\/div><div class=\"wpb_text_column\"><div class=\"wpb_wrapper\"><ul>\n<li><strong>Realizamos Transportes com Anvisa e somos especializados no segmento sa\u00fade.<\/strong><\/li>\n<\/ul>\n<\/div><\/div><div class=\"wpb_text_column us_custom_f737cdaa has_text_color\"><div class=\"wpb_wrapper\"><ul>\n<li><strong>Dispomos de profissional farmac\u00eautico com mais de quinze anos de experi\u00eancia atuando em tempo integral e liderando os processos operacionais e de qualidade.<\/strong><\/li>\n<\/ul>\n<\/div><\/div><div class=\"wpb_text_column\"><div class=\"wpb_wrapper\"><ul>\n<li><strong>Boas pr\u00e1ticas que atendem as Resolu\u00e7\u00f5es \u2013 RDC\u2019s da Anvisa, licen\u00e7as e documenta\u00e7\u00f5es completas.<\/strong><\/li>\n<\/ul>\n<\/div><\/div><\/div><\/div><\/div><\/div><\/div><\/div><\/div><\/div><\/div><\/section><section class=\"l-section wpb_row height_custom color_primary with_img\"><div class=\"l-section-img\" data-img-width=\"1920\" data-img-height=\"1080\" style=\"background-image: url(https:\/\/www.pharlog.com.br\/wp-content\/uploads\/2021\/05\/img3_saude.jpg);\"><\/div><div class=\"l-section-h i-cf\"><div class=\"g-cols vc_row via_flex valign_top type_default stacking_default\"><div class=\"vc_col-sm-12 wpb_column vc_column_container\"><div class=\"vc_column-inner\"><div class=\"wpb_wrapper\"><div class=\"g-cols wpb_row via_flex valign_top type_default stacking_default\"><div class=\"vc_col-sm-4 wpb_column vc_column_container\"><div class=\"vc_column-inner\"><div class=\"wpb_wrapper\"><\/div><\/div><\/div><div class=\"vc_col-sm-8 wpb_column vc_column_container\"><div class=\"vc_column-inner\"><div class=\"wpb_wrapper\"><div class=\"wpb_text_column\"><div class=\"wpb_wrapper\"><h1>Atuamos com as seguintes classes de produtos:<\/h1>\n<\/div><\/div><div class=\"w-separator size_large\"><\/div><div class=\"w-iconbox iconpos_left style_default color_custom align_left\"><div class=\"w-iconbox-icon\" style=\"font-size:2rem;--icon-color:#f4d43e;\"><i class=\"far fa-utensils-alt\"><\/i><\/div><div class=\"w-iconbox-meta\"><h4 class=\"w-iconbox-title\">Alimentos<\/h4><div class=\"w-iconbox-text\"><p>Aditivos, embalagens, insumos e alimentos industrializados.<\/p>\n<\/div><\/div><\/div><div class=\"w-separator size_medium\"><\/div><div class=\"w-iconbox iconpos_left style_default color_custom align_left\"><div class=\"w-iconbox-icon\" style=\"font-size:2rem;--icon-color:#f4d43e;\"><i class=\"far fa-air-freshener\"><\/i><\/div><div class=\"w-iconbox-meta\"><h4 class=\"w-iconbox-title\">Cosm\u00e9ticos<\/h4><div class=\"w-iconbox-text\"><p>Produtos de higiene, beleza, perfumes, insumos e mat\u00e9rias primas para cosm\u00e9ticos, perfumarias, fraldas, absorventes, embalagens e m\u00e1quinas.<\/p>\n<\/div><\/div><\/div><div class=\"w-separator size_medium\"><\/div><div class=\"w-iconbox iconpos_left style_default color_custom align_left\"><div class=\"w-iconbox-icon\" style=\"font-size:2rem;--icon-color:#f4d43e;\"><i class=\"far fa-pills\"><\/i><\/div><div class=\"w-iconbox-meta\"><h4 class=\"w-iconbox-title\">Produtos para Sa\u00fade \/ Correlatos<\/h4><div class=\"w-iconbox-text\"><p>Produtos m\u00e9dicos e hospitalares, artigos descart\u00e1veis e implant\u00e1veis, mobili\u00e1rio, equipamentos, instrumentos, acess\u00f3rios, kit\u2019s para diagn\u00f3stico, materiais cir\u00fargicos, odontol\u00f3gicos e aparelhos.<\/p>\n<\/div><\/div><\/div><\/div><\/div><\/div><\/div><\/div><\/div><\/div><\/div><\/div><\/section><section class=\"l-section wpb_row height_custom\"><div class=\"l-section-h i-cf\"><div class=\"g-cols vc_row via_flex valign_top type_default stacking_default\"><div class=\"vc_col-sm-12 wpb_column vc_column_container\"><div class=\"vc_column-inner\"><div class=\"wpb_wrapper\"><div class=\"g-cols wpb_row via_flex valign_top type_default stacking_default\"><div class=\"vc_col-sm-4 wpb_column vc_column_container\"><div class=\"vc_column-inner\"><div class=\"wpb_wrapper\"><div class=\"wpb_text_column\"><div class=\"wpb_wrapper\"><h4 style=\"text-align: right;\">Ve\u00edculos qualificados, rastreados, gerenciamento de risco, seguros, com monitoramento de temperatura e procedimentos de limpeza e controle de pragas.<\/h4>\n<p style=\"text-align: right;\">Boas pr\u00e1ticas com registros das atividades realizadas atendendo aos requisitos das normas e BPF.<\/p>\n<\/div><\/div><\/div><\/div><\/div><div class=\"vc_col-sm-8 wpb_column vc_column_container\"><div class=\"vc_column-inner\"><div class=\"wpb_wrapper\"><div class=\"w-image align_center\"><div class=\"w-image-h\"><img loading=\"lazy\" decoding=\"async\" width=\"1280\" height=\"720\" src=\"https:\/\/www.pharlog.com.br\/wp-content\/uploads\/2021\/05\/img4_saude.jpg\" class=\"attachment-large size-large\" alt=\"\" srcset=\"https:\/\/www.pharlog.com.br\/wp-content\/uploads\/2021\/05\/img4_saude.jpg 1600w, https:\/\/www.pharlog.com.br\/wp-content\/uploads\/2021\/05\/img4_saude-600x338.jpg 600w, https:\/\/www.pharlog.com.br\/wp-content\/uploads\/2021\/05\/img4_saude-160x90.jpg 160w, https:\/\/www.pharlog.com.br\/wp-content\/uploads\/2021\/05\/img4_saude-400x225.jpg 400w\" sizes=\"auto, (max-width: 1280px) 100vw, 1280px\" \/><\/div><\/div><\/div><\/div><\/div><\/div><\/div><\/div><\/div><\/div><\/div><\/section>\n","protected":false},"excerpt":{"rendered":"Pharlog Sa\u00fade Quando tratamos de sa\u00fade a qualidade \u00e9 vital. Voc\u00ea j\u00e1 parou para buscar no Google o assunto: Transportadoras com Licen\u00e7a Anvisa? A Pharlog possui mais de dez anos de atua\u00e7\u00e3o no segmento sa\u00fade realizando servi\u00e7os de Transporte e Log\u00edstica com diversas atividades, como: Transporte rodovi\u00e1rio, transporte a\u00e9reo, distribui\u00e7\u00e3o, entregas expressas, entregas urgentes, cargas...","protected":false},"author":1,"featured_media":0,"parent":0,"menu_order":0,"comment_status":"closed","ping_status":"closed","template":"","meta":{"inline_featured_image":false,"footnotes":""},"class_list":["post-7805","page","type-page","status-publish","hentry"],"_links":{"self":[{"href":"https:\/\/www.pharlog.com.br\/index.php?rest_route=\/wp\/v2\/pages\/7805","targetHints":{"allow":["GET"]}}],"collection":[{"href":"https:\/\/www.pharlog.com.br\/index.php?rest_route=\/wp\/v2\/pages"}],"about":[{"href":"https:\/\/www.pharlog.com.br\/index.php?rest_route=\/wp\/v2\/types\/page"}],"author":[{"embeddable":true,"href":"https:\/\/www.pharlog.com.br\/index.php?rest_route=\/wp\/v2\/users\/1"}],"replies":[{"embeddable":true,"href":"https:\/\/www.pharlog.com.br\/index.php?rest_route=%2Fwp%2Fv2%2Fcomments&post=7805"}],"version-history":[{"count":36,"href":"https:\/\/www.pharlog.com.br\/index.php?rest_route=\/wp\/v2\/pages\/7805\/revisions"}],"predecessor-version":[{"id":7847,"href":"https:\/\/www.pharlog.com.br\/index.php?rest_route=\/wp\/v2\/pages\/7805\/revisions\/7847"}],"wp:attachment":[{"href":"https:\/\/www.pharlog.com.br\/index.php?rest_route=%2Fwp%2Fv2%2Fmedia&parent=7805"}],"curies":[{"name":"wp","href":"https:\/\/api.w.org\/{rel}","templated":true}]}}