{"id":7691,"date":"2021-05-31T09:32:20","date_gmt":"2021-05-31T12:32:20","guid":{"rendered":"https:\/\/www.pharlog.com.br\/?page_id=7691"},"modified":"2021-06-08T10:24:45","modified_gmt":"2021-06-08T13:24:45","slug":"licencas","status":"publish","type":"page","link":"https:\/\/www.pharlog.com.br\/?page_id=7691","title":{"rendered":"Licen\u00e7as"},"content":{"rendered":"<section class=\"l-section wpb_row height_huge color_primary with_img parallax_ver\"><div class=\"l-section-img\" data-img-width=\"1920\" data-img-height=\"1080\" style=\"background-image: url(https:\/\/www.pharlog.com.br\/wp-content\/uploads\/2021\/05\/doc-1.jpg);background-repeat: no-repeat;\"><\/div><div class=\"l-section-h i-cf\"><div class=\"g-cols vc_row via_flex valign_top type_default stacking_default\"><div class=\"vc_col-sm-8 wpb_column vc_column_container\"><div class=\"vc_column-inner\"><div class=\"wpb_wrapper\"><div class=\"wpb_text_column\"><div class=\"wpb_wrapper\"><h1 style=\"text-align: left;\">Licen\u00e7as<\/h1>\n<h4 style=\"text-align: left;\">Apresentamos \u00e0 seguir nossas licen\u00e7as.<\/h4>\n<\/div><\/div><\/div><\/div><\/div><div class=\"vc_col-sm-4 wpb_column vc_column_container\"><div class=\"vc_column-inner\"><div class=\"wpb_wrapper\"><\/div><\/div><\/div><\/div><\/div><\/section><section class=\"l-section wpb_row height_auto\"><div class=\"l-section-h i-cf\"><div class=\"g-cols vc_row via_flex valign_middle type_default stacking_default\"><div class=\"vc_col-sm-12 wpb_column vc_column_container\"><div class=\"vc_column-inner\"><div class=\"wpb_wrapper\"><div class=\"g-cols wpb_row via_flex valign_middle type_default stacking_default\"><div class=\"vc_col-sm-4 wpb_column vc_column_container\"><div class=\"vc_column-inner\"><div class=\"wpb_wrapper\"><div class=\"w-image align_none\"><div class=\"w-image-h\"><img loading=\"lazy\" decoding=\"async\" width=\"700\" height=\"700\" src=\"https:\/\/www.pharlog.com.br\/wp-content\/uploads\/2021\/05\/bomb.jpg\" class=\"attachment-large size-large\" alt=\"\" srcset=\"https:\/\/www.pharlog.com.br\/wp-content\/uploads\/2021\/05\/bomb.jpg 700w, https:\/\/www.pharlog.com.br\/wp-content\/uploads\/2021\/05\/bomb-600x600.jpg 600w, https:\/\/www.pharlog.com.br\/wp-content\/uploads\/2021\/05\/bomb-160x160.jpg 160w, https:\/\/www.pharlog.com.br\/wp-content\/uploads\/2021\/05\/bomb-400x400.jpg 400w\" sizes=\"auto, (max-width: 700px) 100vw, 700px\" \/><\/div><\/div><\/div><\/div><\/div><div class=\"vc_col-sm-8 wpb_column vc_column_container\"><div class=\"vc_column-inner\"><div class=\"wpb_wrapper\"><div class=\"wpb_text_column\"><div class=\"wpb_wrapper\"><h3><strong>Corpo de Bombeiros\/SP<\/strong><\/h3>\n<\/div><\/div><div class=\"w-separator size_small\"><\/div><div class=\"w-btn-wrapper align_none\"><a class=\"w-btn us-btn-style_1\" target=\"_blank\" href=\"http:\/\/pharlog.com.br\/licencas-pdf\/bombeiro.pdf\" rel=\"noopener\"><span class=\"w-btn-label\">Visualizar Licen\u00e7a<\/span><\/a><\/div><\/div><\/div><\/div><\/div><div class=\"g-cols wpb_row via_flex valign_top type_default stacking_default\"><div class=\"vc_col-sm-12 wpb_column vc_column_container\"><div class=\"vc_column-inner\"><div class=\"wpb_wrapper\"><div class=\"w-separator size_small with_line width_default thick_1 style_solid color_border align_center\"><div class=\"w-separator-h\"><\/div><\/div><\/div><\/div><\/div><\/div><div class=\"g-cols wpb_row via_flex valign_middle type_default stacking_default\"><div class=\"vc_col-sm-4 wpb_column vc_column_container\"><div class=\"vc_column-inner\"><div class=\"wpb_wrapper\"><div class=\"w-image align_none\"><div class=\"w-image-h\"><img loading=\"lazy\" decoding=\"async\" width=\"700\" height=\"700\" src=\"https:\/\/www.pharlog.com.br\/wp-content\/uploads\/2021\/05\/anv.jpg\" class=\"attachment-large size-large\" alt=\"\" srcset=\"https:\/\/www.pharlog.com.br\/wp-content\/uploads\/2021\/05\/anv.jpg 700w, https:\/\/www.pharlog.com.br\/wp-content\/uploads\/2021\/05\/anv-600x600.jpg 600w, https:\/\/www.pharlog.com.br\/wp-content\/uploads\/2021\/05\/anv-160x160.jpg 160w, https:\/\/www.pharlog.com.br\/wp-content\/uploads\/2021\/05\/anv-400x400.jpg 400w\" sizes=\"auto, (max-width: 700px) 100vw, 700px\" \/><\/div><\/div><\/div><\/div><\/div><div class=\"vc_col-sm-8 wpb_column vc_column_container\"><div class=\"vc_column-inner\"><div class=\"wpb_wrapper\"><div class=\"wpb_text_column\"><div class=\"wpb_wrapper\"><h3><strong>Ag\u00eancia Nacional de Vigil\u00e2ncia Sanit\u00e1ria<\/strong><\/h3>\n<\/div><\/div><div class=\"w-separator size_small\"><\/div><div class=\"w-btn-wrapper align_none\"><a class=\"w-btn us-btn-style_1\" target=\"_blank\" href=\"http:\/\/pharlog.com.br\/licencas-pdf\/anvisa_cosmeticos.pdf\" rel=\"noopener\"><span class=\"w-btn-label\">Visualizar Licen\u00e7a Cosm\u00e9ticos<\/span><\/a><\/div><div class=\"w-btn-wrapper align_none\"><a class=\"w-btn us-btn-style_1\" target=\"_blank\" href=\"http:\/\/pharlog.com.br\/licencas-pdf\/anvisa_correlatos.pdf\" rel=\"noopener\"><span class=\"w-btn-label\">Visualizar Licen\u00e7a Correlatos<\/span><\/a><\/div><div class=\"w-btn-wrapper align_none\"><a class=\"w-btn us-btn-style_1\" target=\"_blank\" href=\"http:\/\/pharlog.com.br\/licencas-pdf\/anvisa_regularidade.pdf\" rel=\"noopener\"><span class=\"w-btn-label\">Visualizar Licen\u00e7a de Regularidade<\/span><\/a><\/div><\/div><\/div><\/div><\/div><div class=\"g-cols wpb_row via_flex valign_top type_default stacking_default\"><div class=\"vc_col-sm-12 wpb_column vc_column_container\"><div class=\"vc_column-inner\"><div class=\"wpb_wrapper\"><div class=\"w-separator size_small with_line width_default thick_1 style_solid color_border align_center\"><div class=\"w-separator-h\"><\/div><\/div><\/div><\/div><\/div><\/div><div class=\"g-cols wpb_row via_flex valign_middle type_default stacking_default\"><div class=\"vc_col-sm-4 wpb_column vc_column_container\"><div class=\"vc_column-inner\"><div class=\"wpb_wrapper\"><div class=\"w-image align_none\"><div class=\"w-image-h\"><img loading=\"lazy\" decoding=\"async\" width=\"700\" height=\"700\" src=\"https:\/\/www.pharlog.com.br\/wp-content\/uploads\/2021\/05\/ibama.jpg\" class=\"attachment-large size-large\" alt=\"\" srcset=\"https:\/\/www.pharlog.com.br\/wp-content\/uploads\/2021\/05\/ibama.jpg 700w, https:\/\/www.pharlog.com.br\/wp-content\/uploads\/2021\/05\/ibama-600x600.jpg 600w, https:\/\/www.pharlog.com.br\/wp-content\/uploads\/2021\/05\/ibama-160x160.jpg 160w, https:\/\/www.pharlog.com.br\/wp-content\/uploads\/2021\/05\/ibama-400x400.jpg 400w\" sizes=\"auto, (max-width: 700px) 100vw, 700px\" \/><\/div><\/div><\/div><\/div><\/div><div class=\"vc_col-sm-8 wpb_column vc_column_container\"><div class=\"vc_column-inner\"><div class=\"wpb_wrapper\"><div class=\"wpb_text_column\"><div class=\"wpb_wrapper\"><h3><strong>Ibama<\/strong><\/h3>\n<\/div><\/div><div class=\"w-separator size_small\"><\/div><div class=\"w-btn-wrapper align_none\"><a class=\"w-btn us-btn-style_1\" href=\"#\"><span class=\"w-btn-label\">Visualizar Licen\u00e7a<\/span><\/a><\/div><\/div><\/div><\/div><\/div><\/div><\/div><\/div><\/div><\/div><\/section><section class=\"l-section wpb_row us_custom_ee63730a height_auto width_full color_primary\" id=\"works\"><div class=\"l-section-h i-cf\"><div class=\"g-cols vc_row via_flex valign_middle type_boxes stacking_default\"><div class=\"vc_col-sm-12 wpb_column vc_column_container us_animate_afl\" style=\"animation-delay:0.2s\"><div class=\"vc_column-inner\"><div class=\"wpb_wrapper\"><div class=\"g-cols wpb_row via_flex valign_middle type_default stacking_default\"><div class=\"vc_col-sm-2 wpb_column vc_column_container\"><div class=\"vc_column-inner\"><div class=\"wpb_wrapper\"><\/div><\/div><\/div><div class=\"vc_col-sm-8 wpb_column vc_column_container\"><div class=\"vc_column-inner\"><div class=\"wpb_wrapper\"><div class=\"wpb_text_column\"><div class=\"wpb_wrapper\"><h3 style=\"text-align: center;\">Li\u00e7en\u00e7as para Produtos Qu\u00edmicos<\/h3>\n<\/div><\/div><\/div><\/div><\/div><div class=\"vc_col-sm-2 wpb_column vc_column_container\"><div class=\"vc_column-inner\"><div class=\"wpb_wrapper\"><\/div><\/div><\/div><\/div><\/div><\/div><\/div><\/div><\/div><\/section><section class=\"l-section wpb_row height_auto\"><div class=\"l-section-h i-cf\"><div class=\"g-cols vc_row via_flex valign_top type_default stacking_default\"><div class=\"vc_col-sm-12 wpb_column vc_column_container\"><div class=\"vc_column-inner\"><div class=\"wpb_wrapper\"><div class=\"g-cols wpb_row via_flex valign_middle type_default stacking_default\"><div class=\"vc_col-sm-4 wpb_column vc_column_container\"><div class=\"vc_column-inner\"><div class=\"wpb_wrapper\"><div class=\"w-image align_none\"><div class=\"w-image-h\"><img loading=\"lazy\" decoding=\"async\" width=\"700\" height=\"700\" src=\"https:\/\/www.pharlog.com.br\/wp-content\/uploads\/2021\/05\/exer.jpg\" class=\"attachment-large size-large\" alt=\"\" srcset=\"https:\/\/www.pharlog.com.br\/wp-content\/uploads\/2021\/05\/exer.jpg 700w, https:\/\/www.pharlog.com.br\/wp-content\/uploads\/2021\/05\/exer-600x600.jpg 600w, https:\/\/www.pharlog.com.br\/wp-content\/uploads\/2021\/05\/exer-160x160.jpg 160w, https:\/\/www.pharlog.com.br\/wp-content\/uploads\/2021\/05\/exer-400x400.jpg 400w\" sizes=\"auto, (max-width: 700px) 100vw, 700px\" \/><\/div><\/div><\/div><\/div><\/div><div class=\"vc_col-sm-8 wpb_column vc_column_container\"><div class=\"vc_column-inner\"><div class=\"wpb_wrapper\"><div class=\"wpb_text_column\"><div class=\"wpb_wrapper\"><h3><strong>Ex\u00e9rcito<\/strong><\/h3>\n<\/div><\/div><div class=\"w-separator size_small\"><\/div><div class=\"w-btn-wrapper align_none\"><a class=\"w-btn us-btn-style_1\" target=\"_blank\" href=\"http:\/\/pharlog.com.br\/licencas-pdf\/exercito.pdf\" rel=\"noopener\"><span class=\"w-btn-label\">Visualizar Licen\u00e7a<\/span><\/a><\/div><\/div><\/div><\/div><\/div><div class=\"g-cols wpb_row via_flex valign_top type_default stacking_default\"><div class=\"vc_col-sm-12 wpb_column vc_column_container\"><div class=\"vc_column-inner\"><div class=\"wpb_wrapper\"><div class=\"w-separator size_small with_line width_default thick_1 style_solid color_border align_center\"><div class=\"w-separator-h\"><\/div><\/div><\/div><\/div><\/div><\/div><div class=\"g-cols wpb_row via_flex valign_middle type_default stacking_default\"><div class=\"vc_col-sm-4 wpb_column vc_column_container\"><div class=\"vc_column-inner\"><div class=\"wpb_wrapper\"><div class=\"w-image align_none\"><div class=\"w-image-h\"><img loading=\"lazy\" decoding=\"async\" width=\"700\" height=\"700\" src=\"https:\/\/www.pharlog.com.br\/wp-content\/uploads\/2021\/05\/federal.jpg\" class=\"attachment-large size-large\" alt=\"\" srcset=\"https:\/\/www.pharlog.com.br\/wp-content\/uploads\/2021\/05\/federal.jpg 700w, https:\/\/www.pharlog.com.br\/wp-content\/uploads\/2021\/05\/federal-600x600.jpg 600w, https:\/\/www.pharlog.com.br\/wp-content\/uploads\/2021\/05\/federal-160x160.jpg 160w, https:\/\/www.pharlog.com.br\/wp-content\/uploads\/2021\/05\/federal-400x400.jpg 400w\" sizes=\"auto, (max-width: 700px) 100vw, 700px\" \/><\/div><\/div><\/div><\/div><\/div><div class=\"vc_col-sm-8 wpb_column vc_column_container\"><div class=\"vc_column-inner\"><div class=\"wpb_wrapper\"><div class=\"wpb_text_column\"><div class=\"wpb_wrapper\"><h3><strong>Pol\u00edcia Federal<\/strong><\/h3>\n<\/div><\/div><div class=\"w-separator size_small\"><\/div><div class=\"w-btn-wrapper align_none\"><a class=\"w-btn us-btn-style_1\" target=\"_blank\" href=\"http:\/\/pharlog.com.br\/licencas-pdf\/federal.pdf\" rel=\"noopener\"><span class=\"w-btn-label\">Visualizar Licen\u00e7a<\/span><\/a><\/div><\/div><\/div><\/div><\/div><div class=\"g-cols wpb_row via_flex valign_top type_default stacking_default\"><div class=\"vc_col-sm-12 wpb_column vc_column_container\"><div class=\"vc_column-inner\"><div class=\"wpb_wrapper\"><div class=\"w-separator size_small with_line width_default thick_1 style_solid color_border align_center\"><div class=\"w-separator-h\"><\/div><\/div><\/div><\/div><\/div><\/div><div class=\"g-cols wpb_row via_flex valign_middle type_default stacking_default\"><div class=\"vc_col-sm-4 wpb_column vc_column_container\"><div class=\"vc_column-inner\"><div class=\"wpb_wrapper\"><div class=\"w-image align_none\"><div class=\"w-image-h\"><img loading=\"lazy\" decoding=\"async\" width=\"700\" height=\"700\" src=\"https:\/\/www.pharlog.com.br\/wp-content\/uploads\/2021\/05\/civil.jpg\" class=\"attachment-large size-large\" alt=\"\" srcset=\"https:\/\/www.pharlog.com.br\/wp-content\/uploads\/2021\/05\/civil.jpg 700w, https:\/\/www.pharlog.com.br\/wp-content\/uploads\/2021\/05\/civil-600x600.jpg 600w, https:\/\/www.pharlog.com.br\/wp-content\/uploads\/2021\/05\/civil-160x160.jpg 160w, https:\/\/www.pharlog.com.br\/wp-content\/uploads\/2021\/05\/civil-400x400.jpg 400w\" sizes=\"auto, (max-width: 700px) 100vw, 700px\" \/><\/div><\/div><\/div><\/div><\/div><div class=\"vc_col-sm-8 wpb_column vc_column_container\"><div class=\"vc_column-inner\"><div class=\"wpb_wrapper\"><div class=\"wpb_text_column\"><div class=\"wpb_wrapper\"><h3><strong>Pol\u00edcia Civil<\/strong><\/h3>\n<\/div><\/div><div class=\"w-separator size_small\"><\/div><div class=\"w-btn-wrapper align_none\"><a class=\"w-btn us-btn-style_1\" target=\"_blank\" href=\"http:\/\/pharlog.com.br\/licencas-pdf\/civil.pdf\" rel=\"noopener\"><span class=\"w-btn-label\">Visualizar Licen\u00e7a<\/span><\/a><\/div><\/div><\/div><\/div><\/div><\/div><\/div><\/div><\/div><\/div><\/section>\n","protected":false},"excerpt":{"rendered":"Licen\u00e7as Apresentamos \u00e0 seguir nossas licen\u00e7as. Corpo de Bombeiros\/SP Visualizar Licen\u00e7aAg\u00eancia Nacional de Vigil\u00e2ncia Sanit\u00e1ria Visualizar Licen\u00e7a Cosm\u00e9ticosVisualizar Licen\u00e7a CorrelatosVisualizar Licen\u00e7a de RegularidadeIbama Visualizar Licen\u00e7aLi\u00e7en\u00e7as para Produtos Qu\u00edmicos Ex\u00e9rcito Visualizar Licen\u00e7aPol\u00edcia Federal Visualizar Licen\u00e7aPol\u00edcia Civil Visualizar Licen\u00e7a","protected":false},"author":1,"featured_media":0,"parent":0,"menu_order":0,"comment_status":"closed","ping_status":"closed","template":"","meta":{"inline_featured_image":false,"footnotes":""},"class_list":["post-7691","page","type-page","status-publish","hentry"],"_links":{"self":[{"href":"https:\/\/www.pharlog.com.br\/index.php?rest_route=\/wp\/v2\/pages\/7691","targetHints":{"allow":["GET"]}}],"collection":[{"href":"https:\/\/www.pharlog.com.br\/index.php?rest_route=\/wp\/v2\/pages"}],"about":[{"href":"https:\/\/www.pharlog.com.br\/index.php?rest_route=\/wp\/v2\/types\/page"}],"author":[{"embeddable":true,"href":"https:\/\/www.pharlog.com.br\/index.php?rest_route=\/wp\/v2\/users\/1"}],"replies":[{"embeddable":true,"href":"https:\/\/www.pharlog.com.br\/index.php?rest_route=%2Fwp%2Fv2%2Fcomments&post=7691"}],"version-history":[{"count":32,"href":"https:\/\/www.pharlog.com.br\/index.php?rest_route=\/wp\/v2\/pages\/7691\/revisions"}],"predecessor-version":[{"id":7854,"href":"https:\/\/www.pharlog.com.br\/index.php?rest_route=\/wp\/v2\/pages\/7691\/revisions\/7854"}],"wp:attachment":[{"href":"https:\/\/www.pharlog.com.br\/index.php?rest_route=%2Fwp%2Fv2%2Fmedia&parent=7691"}],"curies":[{"name":"wp","href":"https:\/\/api.w.org\/{rel}","templated":true}]}}