{"id":7661,"date":"2021-05-28T15:03:29","date_gmt":"2021-05-28T18:03:29","guid":{"rendered":"https:\/\/www.pharlog.com.br\/?page_id=7661"},"modified":"2021-05-28T17:04:49","modified_gmt":"2021-05-28T20:04:49","slug":"transportes","status":"publish","type":"page","link":"https:\/\/www.pharlog.com.br\/?page_id=7661","title":{"rendered":"Transportes"},"content":{"rendered":"<section class=\"l-section wpb_row height_huge color_primary with_img parallax_ver\"><div class=\"l-section-img\" data-img-width=\"1920\" data-img-height=\"1080\" style=\"background-image: url(https:\/\/www.pharlog.com.br\/wp-content\/uploads\/2021\/05\/transp.jpg);background-repeat: no-repeat;\"><\/div><div class=\"l-section-h i-cf\"><div class=\"g-cols vc_row via_flex valign_top type_default stacking_default\"><div class=\"vc_col-sm-8 wpb_column vc_column_container\"><div class=\"vc_column-inner\"><div class=\"wpb_wrapper\"><div class=\"wpb_text_column\"><div class=\"wpb_wrapper\"><h1 style=\"text-align: left;\">Transportes<\/h1>\n<h4 style=\"text-align: left;\">Rodovi\u00e1rio e A\u00e9reo para todo o Brasil.<\/h4>\n<\/div><\/div><\/div><\/div><\/div><div class=\"vc_col-sm-4 wpb_column vc_column_container\"><div class=\"vc_column-inner\"><div class=\"wpb_wrapper\"><\/div><\/div><\/div><\/div><\/div><\/section><section class=\"l-section wpb_row height_custom\"><div class=\"l-section-h i-cf\"><div class=\"g-cols vc_row via_flex valign_top type_default stacking_default\"><div class=\"vc_col-sm-6 wpb_column vc_column_container\"><div class=\"vc_column-inner\"><div class=\"wpb_wrapper\"><div class=\"w-image align_none\"><div class=\"w-image-h\"><img loading=\"lazy\" decoding=\"async\" width=\"1080\" height=\"1080\" src=\"https:\/\/www.pharlog.com.br\/wp-content\/uploads\/2021\/04\/foto_quadrada_home.jpg\" class=\"attachment-large size-large\" alt=\"\" srcset=\"https:\/\/www.pharlog.com.br\/wp-content\/uploads\/2021\/04\/foto_quadrada_home.jpg 1080w, https:\/\/www.pharlog.com.br\/wp-content\/uploads\/2021\/04\/foto_quadrada_home-600x600.jpg 600w, https:\/\/www.pharlog.com.br\/wp-content\/uploads\/2021\/04\/foto_quadrada_home-160x160.jpg 160w, https:\/\/www.pharlog.com.br\/wp-content\/uploads\/2021\/04\/foto_quadrada_home-400x400.jpg 400w\" sizes=\"auto, (max-width: 1080px) 100vw, 1080px\" \/><\/div><\/div><\/div><\/div><\/div><div class=\"vc_col-sm-6 wpb_column vc_column_container\"><div class=\"vc_column-inner\"><div class=\"wpb_wrapper\"><div class=\"wpb_text_column\"><div class=\"wpb_wrapper\"><p>Atuamos com frota pr\u00f3pria, terceirizada (qualificada) e atrav\u00e9s de parceiros (qualificados).<\/p>\n<p>Oferecemos atendimento diferenciado e personalizado para uma excelente experi\u00eancia aos nossos clientes.<\/p>\n<h5>Transportes especiais com:<\/h5>\n<ul>\n<li>Ve\u00edculos plataforma;<\/li>\n<li>Caminh\u00e3o munck;<\/li>\n<li>Refrigerados;<\/li>\n<li>Motos;<\/li>\n<li>Vans;<\/li>\n<li>Carretas; e<\/li>\n<li>Cont\u00eaineres.<\/li>\n<\/ul>\n<\/div><\/div><\/div><\/div><\/div><\/div><\/div><\/section><section class=\"l-section wpb_row us_custom_ee63730a height_auto width_full color_primary\" id=\"works\"><div class=\"l-section-h i-cf\"><div class=\"g-cols vc_row via_flex valign_middle type_boxes stacking_default\"><div class=\"vc_col-sm-12 wpb_column vc_column_container us_animate_afl\" style=\"animation-delay:0.2s\"><div class=\"vc_column-inner\"><div class=\"wpb_wrapper\"><div class=\"g-cols wpb_row via_flex valign_middle type_default stacking_default\"><div class=\"vc_col-sm-2 wpb_column vc_column_container\"><div class=\"vc_column-inner\"><div class=\"wpb_wrapper\"><\/div><\/div><\/div><div class=\"vc_col-sm-8 wpb_column vc_column_container\"><div class=\"vc_column-inner\"><div class=\"wpb_wrapper\"><div class=\"wpb_text_column\"><div class=\"wpb_wrapper\"><h5 style=\"text-align: center;\">Realizamos entregas urgentes e expressas, entregas locais para farm\u00e1cias, drogarias, hospitais, distribuidoras, importadoras e exportadoras de produtos m\u00e9dicos e hospitalares, produtos farmac\u00eauticos, laborat\u00f3rios, cl\u00ednicas e exames.<\/h5>\n<\/div><\/div><\/div><\/div><\/div><div class=\"vc_col-sm-2 wpb_column vc_column_container\"><div class=\"vc_column-inner\"><div class=\"wpb_wrapper\"><\/div><\/div><\/div><\/div><div class=\"w-separator size_huge with_line width_default thick_1 style_solid color_secondary align_center with_content\"><div class=\"w-separator-h\"><i class=\"far fa-shipping-fast\"><\/i><\/div><\/div><div class=\"g-cols wpb_row via_flex valign_top type_default stacking_default\"><div class=\"vc_col-sm-4 wpb_column vc_column_container\"><div class=\"vc_column-inner\"><div class=\"wpb_wrapper\"><div class=\"w-iconbox iconpos_top style_default color_custom align_center\"><div class=\"w-iconbox-icon\" style=\"font-size:2rem;--icon-color:#ffae00;\"><i class=\"far fa-prescription-bottle-alt\"><\/i><\/div><div class=\"w-iconbox-meta\"><h4 class=\"w-iconbox-title\">Transporte de produtos para a \u00e1rea da sa\u00fade<\/h4><div class=\"w-iconbox-text\"><p>Cosm\u00e9ticos, Correlatos \/ Produtos para a Sa\u00fade, Alimentos e Medicamentos (em licenciamento para medicamentos).<\/p>\n<\/div><\/div><\/div><\/div><\/div><\/div><div class=\"vc_col-sm-4 wpb_column vc_column_container\"><div class=\"vc_column-inner\"><div class=\"wpb_wrapper\"><div class=\"w-iconbox iconpos_top style_default color_custom align_center\"><div class=\"w-iconbox-icon\" style=\"font-size:2rem;--icon-color:#ffae00;\"><i class=\"far fa-truck\"><\/i><\/div><div class=\"w-iconbox-meta\"><h4 class=\"w-iconbox-title\">Transporte<br \/>\nRodovi\u00e1rio<\/h4><div class=\"w-iconbox-text\"><p>Transportamos cargas expressas e urgentes, entregas expressas e urgentes, atuando na distribui\u00e7\u00e3o.<\/p>\n<\/div><\/div><\/div><\/div><\/div><\/div><div class=\"vc_col-sm-4 wpb_column vc_column_container\"><div class=\"vc_column-inner\"><div class=\"wpb_wrapper\"><div class=\"w-iconbox iconpos_top style_default color_custom align_center\"><div class=\"w-iconbox-icon\" style=\"font-size:2rem;--icon-color:#ffae00;\"><i class=\"far fa-plane\"><\/i><\/div><div class=\"w-iconbox-meta\"><h4 class=\"w-iconbox-title\">Transporte<br \/>\nA\u00e9reo<\/h4><div class=\"w-iconbox-text\"><p>Trabalhamos com as melhores empresas a\u00e9reas, prazos diferenciados e reservas em aeronaves.<\/p>\n<\/div><\/div><\/div><\/div><\/div><\/div><\/div><div class=\"w-separator size_large with_line width_default thick_1 style_solid color_secondary align_center\"><div class=\"w-separator-h\"><\/div><\/div><div class=\"g-cols wpb_row us_custom_623ba360 via_flex valign_top type_default stacking_default\"><div class=\"vc_col-sm-4 wpb_column vc_column_container\"><div class=\"vc_column-inner\"><div class=\"wpb_wrapper\"><div class=\"w-iconbox iconpos_top style_default color_custom align_center\"><div class=\"w-iconbox-icon\" style=\"font-size:2rem;--icon-color:#ffae00;\"><i class=\"far fa-cars\"><\/i><\/div><div class=\"w-iconbox-meta\"><h4 class=\"w-iconbox-title\">Loca\u00e7\u00e3o e<br \/>\nagregar ve\u00edculos<\/h4><div class=\"w-iconbox-text\"><p>Oferecemos ve\u00edculos terceirizado e dedicado com motorista para um dia ou opera\u00e7\u00e3o espec\u00edfica.<\/p>\n<\/div><\/div><\/div><\/div><\/div><\/div><div class=\"vc_col-sm-4 wpb_column vc_column_container\"><div class=\"vc_column-inner\"><div class=\"wpb_wrapper\"><div class=\"w-iconbox iconpos_top style_default color_custom align_center\"><div class=\"w-iconbox-icon\" style=\"font-size:2rem;--icon-color:#ffae00;\"><i class=\"far fa-cubes\"><\/i><\/div><div class=\"w-iconbox-meta\"><h4 class=\"w-iconbox-title\">Cargas Lota\u00e7\u00e3o<br \/>\n(cargas fechadas)<\/h4><div class=\"w-iconbox-text\"><p>Realizamos Cargas Lota\u00e7\u00e3o para todo o Brasil com alto padr\u00e3o de entrega e qualidade na presta\u00e7\u00e3o do servi\u00e7o.<\/p>\n<\/div><\/div><\/div><\/div><\/div><\/div><div class=\"vc_col-sm-4 wpb_column vc_column_container\"><div class=\"vc_column-inner\"><div class=\"wpb_wrapper\"><div class=\"w-iconbox iconpos_top style_default color_custom align_center\"><div class=\"w-iconbox-icon\" style=\"font-size:2rem;--icon-color:#ffae00;\"><i class=\"far fa-map\"><\/i><\/div><div class=\"w-iconbox-meta\"><h4 class=\"w-iconbox-title\">Cargas<br \/>\nFracionadas<\/h4><div class=\"w-iconbox-text\"><p>S\u00e3o Paulo e Grande S\u00e3o Paulo, Santos, Litoral Sul, Litoral Norte, Jundia\u00ed e regi\u00e3o, Campinas e regi\u00e3o. Demais cidades e regi\u00f5es do Brasil (sob consulta).<\/p>\n<\/div><\/div><\/div><\/div><\/div><\/div><\/div><\/div><\/div><\/div><\/div><\/div><\/section>\n","protected":false},"excerpt":{"rendered":"Transportes Rodovi\u00e1rio e A\u00e9reo para todo o Brasil. Atuamos com frota pr\u00f3pria, terceirizada (qualificada) e atrav\u00e9s de parceiros (qualificados). Oferecemos atendimento diferenciado e personalizado para uma excelente experi\u00eancia aos nossos clientes. Transportes especiais com: Ve\u00edculos plataforma; Caminh\u00e3o munck; Refrigerados; Motos; Vans; Carretas; e Cont\u00eaineres. Realizamos entregas urgentes e expressas, entregas locais para farm\u00e1cias, drogarias, hospitais,...","protected":false},"author":1,"featured_media":0,"parent":0,"menu_order":0,"comment_status":"closed","ping_status":"closed","template":"","meta":{"inline_featured_image":false,"footnotes":""},"class_list":["post-7661","page","type-page","status-publish","hentry"],"_links":{"self":[{"href":"https:\/\/www.pharlog.com.br\/index.php?rest_route=\/wp\/v2\/pages\/7661","targetHints":{"allow":["GET"]}}],"collection":[{"href":"https:\/\/www.pharlog.com.br\/index.php?rest_route=\/wp\/v2\/pages"}],"about":[{"href":"https:\/\/www.pharlog.com.br\/index.php?rest_route=\/wp\/v2\/types\/page"}],"author":[{"embeddable":true,"href":"https:\/\/www.pharlog.com.br\/index.php?rest_route=\/wp\/v2\/users\/1"}],"replies":[{"embeddable":true,"href":"https:\/\/www.pharlog.com.br\/index.php?rest_route=%2Fwp%2Fv2%2Fcomments&post=7661"}],"version-history":[{"count":26,"href":"https:\/\/www.pharlog.com.br\/index.php?rest_route=\/wp\/v2\/pages\/7661\/revisions"}],"predecessor-version":[{"id":7689,"href":"https:\/\/www.pharlog.com.br\/index.php?rest_route=\/wp\/v2\/pages\/7661\/revisions\/7689"}],"wp:attachment":[{"href":"https:\/\/www.pharlog.com.br\/index.php?rest_route=%2Fwp%2Fv2%2Fmedia&parent=7661"}],"curies":[{"name":"wp","href":"https:\/\/api.w.org\/{rel}","templated":true}]}}