{"id":7542,"date":"2019-11-13T14:41:43","date_gmt":"2019-11-13T17:41:43","guid":{"rendered":"http:\/\/impreza20.us-themes.com\/?page_id=217"},"modified":"2021-05-31T11:45:38","modified_gmt":"2021-05-31T14:45:38","slug":"institucional","status":"publish","type":"page","link":"https:\/\/www.pharlog.com.br\/?page_id=7542","title":{"rendered":"Institucional"},"content":{"rendered":"<section class=\"l-section wpb_row height_huge color_primary with_img parallax_ver\"><div class=\"l-section-img\" data-img-width=\"1920\" data-img-height=\"1080\" style=\"background-image: url(https:\/\/www.pharlog.com.br\/wp-content\/uploads\/2021\/05\/back2.jpg);background-repeat: no-repeat;\"><\/div><div class=\"l-section-h i-cf\"><div class=\"g-cols vc_row via_flex valign_top type_default stacking_default\"><div class=\"vc_col-sm-8 wpb_column vc_column_container\"><div class=\"vc_column-inner\"><div class=\"wpb_wrapper\"><div class=\"wpb_text_column\"><div class=\"wpb_wrapper\"><h1 style=\"text-align: left;\">16 anos de experi\u00eancia<\/h1>\n<h4 style=\"text-align: left;\">Atuamos desde 2005 com solu\u00e7\u00f5es personalizadas e atendimento diferenciado.<\/h4>\n<\/div><\/div><\/div><\/div><\/div><div class=\"vc_col-sm-4 wpb_column vc_column_container\"><div class=\"vc_column-inner\"><div class=\"wpb_wrapper\"><\/div><\/div><\/div><\/div><\/div><\/section><section class=\"l-section wpb_row height_custom\"><div class=\"l-section-h i-cf\"><div class=\"g-cols vc_row via_flex valign_top type_default stacking_default\"><div class=\"vc_col-sm-6 wpb_column vc_column_container\"><div class=\"vc_column-inner\"><div class=\"wpb_wrapper\"><div class=\"wpb_text_column\"><div class=\"wpb_wrapper\"><h2>Nosso diferencial<\/h2>\n<ul>\n<li>A Pharlog \u00e9 uma transportadora com licen\u00e7a Anvisa para Cosm\u00e9ticos, Produtos para a Sa\u00fade \/ Correlatos, e Alimentos.<\/li>\n<li>Boas Pr\u00e1ticas que atendem \u00e0s resolu\u00e7\u00f5es RDC\u2019s da Anvisa.<\/li>\n<li>Atuamos com o segmento industrial, importadoras e exportadoras e com\u00e9rcio atacadista \u2013 distribuidoras. Tamb\u00e9m prestamos servi\u00e7os \u00e0 comiss\u00e1rias de despachos aduaneiros.<\/li>\n<\/ul>\n<\/div><\/div><\/div><\/div><\/div><div class=\"vc_col-sm-6 wpb_column vc_column_container\"><div class=\"vc_column-inner\"><div class=\"wpb_wrapper\"><div class=\"wpb_text_column\"><div class=\"wpb_wrapper\"><h2>Segmentos<\/h2>\n<ul>\n<li>Realizamos transporte rodovi\u00e1rio, entregas expressas e urgentes, hotline e distribui\u00e7\u00e3o, transporte de cargas nacionalizadas, importa\u00e7\u00e3o e exporta\u00e7\u00e3o.<\/li>\n<li>Oferecemos servi\u00e7os de log\u00edstica para nossos clientes como apoio a suas atividades do dia a dia.<\/li>\n<li>Nossa equipe possui experi\u00eancia em diversos setores para oferecer a melhor experi\u00eancia, aliada \u00e0 qualidade e \u00f3timo custo benef\u00edcio.<\/li>\n<\/ul>\n<\/div><\/div><\/div><\/div><\/div><\/div><\/div><\/section><section class=\"l-section wpb_row us_custom_0d15be52 height_custom\"><div class=\"l-section-h i-cf\"><div class=\"g-cols vc_row via_flex valign_top type_default stacking_default\"><div class=\"vc_col-sm-6 vc_col-lg-3 vc_col-md-6 vc_col-xs-12 wpb_column vc_column_container us_animate_afb\"><div class=\"vc_column-inner\"><div class=\"wpb_wrapper\"><div class=\"w-counter us_custom_d3c9a8f5 color_primary align_center has_font_size\" data-duration=\"2\"><div class=\"w-counter-value\"><span class=\"w-counter-value-part type_text\" data-final=\"\"><\/span><span class=\"w-counter-value-part type_number\" data-final=\"26\">1<\/span><span class=\"w-counter-value-part type_text\" data-final=\"\"><\/span><\/div><h6 class=\"w-counter-title\">estados brasileiros<\/h6><\/div><\/div><\/div><\/div><div class=\"vc_col-sm-6 vc_col-lg-3 vc_col-md-6 vc_col-xs-12 wpb_column vc_column_container us_animate_afb\" style=\"animation-delay:0.1s\"><div class=\"vc_column-inner\"><div class=\"wpb_wrapper\"><div class=\"w-counter us_custom_d3c9a8f5 color_primary align_center has_font_size\" data-duration=\"3\"><div class=\"w-counter-value\"><span class=\"w-counter-value-part type_text\" data-final=\"+\"><\/span><span class=\"w-counter-value-part type_number\" data-final=\"6\">1<\/span><span class=\"w-counter-value-part type_text\" data-final=\"\"><\/span><\/div><h6 class=\"w-counter-title\">licen\u00e7as autorizadas<\/h6><\/div><\/div><\/div><\/div><div class=\"vc_col-sm-6 vc_col-lg-3 vc_col-md-6 vc_col-xs-12 wpb_column vc_column_container us_animate_afb\" style=\"animation-delay:0.2s\"><div class=\"vc_column-inner\"><div class=\"wpb_wrapper\"><div class=\"w-counter us_custom_d3c9a8f5 color_primary align_center has_font_size\" data-duration=\"2\"><div class=\"w-counter-value\"><span class=\"w-counter-value-part type_text\" data-final=\"\"><\/span><span class=\"w-counter-value-part type_number\" data-final=\"16\">1<\/span><span class=\"w-counter-value-part type_text\" data-final=\"\"><\/span><\/div><h6 class=\"w-counter-title\">anos no mercado<\/h6><\/div><\/div><\/div><\/div><div class=\"vc_col-sm-6 vc_col-lg-3 vc_col-md-6 vc_col-xs-12 wpb_column vc_column_container us_animate_afb\" style=\"animation-delay:0.3s\"><div class=\"vc_column-inner\"><div class=\"wpb_wrapper\"><div class=\"w-counter us_custom_d3c9a8f5 color_primary align_center has_font_size\" data-duration=\"2\"><div class=\"w-counter-value\"><span class=\"w-counter-value-part type_text\" data-final=\"+\"><\/span><span class=\"w-counter-value-part type_number\" data-final=\"85\">1<\/span><span class=\"w-counter-value-part type_text\" data-final=\"\"><\/span><\/div><h6 class=\"w-counter-title\">empresas atendidas<\/h6><\/div><\/div><\/div><\/div><\/div><\/div><\/section><section class=\"l-section wpb_row us_custom_ee63730a height_auto width_full color_primary\" id=\"works\"><div class=\"l-section-h i-cf\"><div class=\"g-cols vc_row via_flex valign_middle type_boxes stacking_default\"><div class=\"vc_col-sm-3 wpb_column vc_column_container us_animate_afl\" style=\"animation-delay:0.2s\"><div class=\"vc_column-inner\"><div class=\"wpb_wrapper\"><div class=\"wpb_text_column\"><div class=\"wpb_wrapper\"><h1 style=\"text-align: center;\">MISS\u00c3O<\/h1>\n<\/div><\/div><\/div><\/div><\/div><div class=\"vc_col-sm-9 wpb_column vc_column_container us_animate_afr\" style=\"animation-delay:0.2s\"><div class=\"vc_column-inner\"><div class=\"wpb_wrapper\"><div class=\"g-cols wpb_row us_custom_1bc2313a has_text_color via_flex valign_top type_boxes stacking_default\"><div class=\"vc_col-sm-12 wpb_column vc_column_container\"><div class=\"vc_column-inner\"><div class=\"wpb_wrapper\"><div class=\"wpb_text_column\"><div class=\"wpb_wrapper\"><h4>Ajudar pessoas e empresas atrav\u00e9s do transporte e log\u00edstica personalizados, com qualidade e confian\u00e7a.<\/h4>\n<\/div><\/div><\/div><\/div><\/div><\/div><\/div><\/div><\/div><\/div><\/div><\/section><section class=\"l-section wpb_row us_custom_b51e0711 height_auto width_full color_primary\"><div class=\"l-section-h i-cf\"><div class=\"g-cols vc_row via_flex valign_middle type_boxes reversed stacking_default\"><div class=\"vc_col-sm-9 wpb_column vc_column_container us_animate_afl\" style=\"animation-delay:0.2s\"><div class=\"vc_column-inner\"><div class=\"wpb_wrapper\"><div class=\"g-cols wpb_row us_custom_1bc2313a has_text_color via_flex valign_top type_boxes stacking_default\"><div class=\"vc_col-sm-12 wpb_column vc_column_container\"><div class=\"vc_column-inner\"><div class=\"wpb_wrapper\"><div class=\"wpb_text_column\"><div class=\"wpb_wrapper\"><h4>Ser refer\u00eancia entre as transportadoras do mercado, em especial no segmento de sa\u00fade e farmac\u00eautico.<\/h4>\n<\/div><\/div><\/div><\/div><\/div><\/div><\/div><\/div><\/div><div class=\"vc_col-sm-3 wpb_column vc_column_container us_animate_afr\" style=\"animation-delay:0.2s\"><div class=\"vc_column-inner\"><div class=\"wpb_wrapper\"><div class=\"wpb_text_column\"><div class=\"wpb_wrapper\"><h1 style=\"text-align: center;\">VIS\u00c3O<\/h1>\n<\/div><\/div><\/div><\/div><\/div><\/div><\/div><\/section><section class=\"l-section wpb_row us_custom_b90f9ad7 height_auto width_full\"><div class=\"l-section-h i-cf\"><div class=\"g-cols vc_row via_flex valign_middle type_boxes stacking_default\"><div class=\"vc_col-sm-3 wpb_column vc_column_container us_animate_afl\" style=\"animation-delay:0.2s\"><div class=\"vc_column-inner\"><div class=\"wpb_wrapper\"><div class=\"wpb_text_column\"><div class=\"wpb_wrapper\"><h1 style=\"text-align: center;\">VALORES<\/h1>\n<\/div><\/div><\/div><\/div><\/div><div class=\"vc_col-sm-9 wpb_column vc_column_container us_animate_afr\" style=\"animation-delay:0.2s\"><div class=\"vc_column-inner\"><div class=\"wpb_wrapper\"><div class=\"g-cols wpb_row us_custom_32eac2cb has_text_color via_flex valign_top type_boxes stacking_default\"><div class=\"vc_col-sm-12 wpb_column vc_column_container\"><div class=\"vc_column-inner\"><div class=\"wpb_wrapper\"><div class=\"wpb_text_column\"><div class=\"wpb_wrapper\"><h4>\u00c9tica<br \/>\nHonestidade<br \/>\nQualidade<\/h4>\n<\/div><\/div><\/div><\/div><\/div><\/div><\/div><\/div><\/div><\/div><\/div><\/section>\n","protected":false},"excerpt":{"rendered":"16 anos de experi\u00eancia Atuamos desde 2005 com solu\u00e7\u00f5es personalizadas e atendimento diferenciado. Nosso diferencial A Pharlog \u00e9 uma transportadora com licen\u00e7a Anvisa para Cosm\u00e9ticos, Produtos para a Sa\u00fade \/ Correlatos, e Alimentos. Boas Pr\u00e1ticas que atendem \u00e0s resolu\u00e7\u00f5es RDC\u2019s da Anvisa. Atuamos com o segmento industrial, importadoras e exportadoras e com\u00e9rcio atacadista \u2013 distribuidoras....","protected":false},"author":1,"featured_media":0,"parent":0,"menu_order":0,"comment_status":"closed","ping_status":"closed","template":"","meta":{"inline_featured_image":false,"footnotes":""},"class_list":["post-7542","page","type-page","status-publish","hentry"],"_links":{"self":[{"href":"https:\/\/www.pharlog.com.br\/index.php?rest_route=\/wp\/v2\/pages\/7542","targetHints":{"allow":["GET"]}}],"collection":[{"href":"https:\/\/www.pharlog.com.br\/index.php?rest_route=\/wp\/v2\/pages"}],"about":[{"href":"https:\/\/www.pharlog.com.br\/index.php?rest_route=\/wp\/v2\/types\/page"}],"author":[{"embeddable":true,"href":"https:\/\/www.pharlog.com.br\/index.php?rest_route=\/wp\/v2\/users\/1"}],"replies":[{"embeddable":true,"href":"https:\/\/www.pharlog.com.br\/index.php?rest_route=%2Fwp%2Fv2%2Fcomments&post=7542"}],"version-history":[{"count":21,"href":"https:\/\/www.pharlog.com.br\/index.php?rest_route=\/wp\/v2\/pages\/7542\/revisions"}],"predecessor-version":[{"id":7645,"href":"https:\/\/www.pharlog.com.br\/index.php?rest_route=\/wp\/v2\/pages\/7542\/revisions\/7645"}],"wp:attachment":[{"href":"https:\/\/www.pharlog.com.br\/index.php?rest_route=%2Fwp%2Fv2%2Fmedia&parent=7542"}],"curies":[{"name":"wp","href":"https:\/\/api.w.org\/{rel}","templated":true}]}}