{"id":47,"date":"2019-11-12T10:52:40","date_gmt":"2019-11-12T10:52:40","guid":{"rendered":"http:\/\/impreza20.us-themes.com\/?page_id=47"},"modified":"2023-03-30T11:01:33","modified_gmt":"2023-03-30T14:01:33","slug":"faleconosco","status":"publish","type":"page","link":"https:\/\/www.pharlog.com.br\/?page_id=47","title":{"rendered":"Fale conosco"},"content":{"rendered":"<section class=\"l-section wpb_row height_custom color_primary with_img parallax_ver\"><div class=\"l-section-img\" data-img-width=\"1920\" data-img-height=\"1080\" style=\"background-image: url(https:\/\/www.pharlog.com.br\/wp-content\/uploads\/2021\/05\/cont.jpg);\"><\/div><div class=\"l-section-overlay\" style=\"background:rgba(26,26,26,0.30)\"><\/div><div class=\"l-section-h i-cf\"><div class=\"g-cols vc_row via_flex valign_top type_default stacking_default\"><div class=\"vc_col-sm-12 wpb_column vc_column_container\"><div class=\"vc_column-inner\"><div class=\"wpb_wrapper\"><div class=\"w-separator size_medium\"><\/div><div class=\"wpb_text_column us_custom_6556fba6\"><div class=\"wpb_wrapper\"><h1>Fale conosco<\/h1>\n<p>Agradecemos que tenha chegado at\u00e9 essa p\u00e1gina, estamos \u00e0 disposi\u00e7\u00e3o para um atendimento personalizado. Entre em contato.<\/p>\n<\/div><\/div><div class=\"w-separator size_huge with_line width_default thick_1 style_solid color_border align_center\"><div class=\"w-separator-h\"><\/div><\/div><div class=\"g-cols wpb_row via_flex valign_top type_default stacking_default\"><div class=\"vc_col-sm-4 wpb_column vc_column_container\"><div class=\"vc_column-inner\"><div class=\"wpb_wrapper\"><div class=\"wpb_text_column\"><div class=\"wpb_wrapper\"><h3>Onde estamos<\/h3>\n<p><a href=\"https:\/\/goo.gl\/maps\/kuVRUJRytoofJSRr6\" target=\"_blank\" rel=\"noopener\">Rua Francisco Fanganiello, 392<\/a><br \/>\nPq. Novo Mundo, S\u00e3o Paulo\/SP<br \/>\nCEP: 02181-160<\/p>\n<\/div><\/div><\/div><\/div><\/div><div class=\"vc_col-sm-4 wpb_column vc_column_container\"><div class=\"vc_column-inner\"><div class=\"wpb_wrapper\"><div class=\"wpb_text_column\"><div class=\"wpb_wrapper\"><h3>Nossos contatos<\/h3>\n<p><strong>(11) 2872-7200<br \/>\n(11) 97854-8257 (Whatsapp)<\/strong><\/p>\n<p><a href=\"mailto:comercial@pharlog.com.br\"><strong>comercial@pharlog.com.br<\/strong><\/a><\/p>\n<\/div><\/div><\/div><\/div><\/div><div class=\"vc_col-sm-4 wpb_column vc_column_container\"><div class=\"vc_column-inner\"><div class=\"wpb_wrapper\"><div class=\"wpb_text_column\"><div class=\"wpb_wrapper\"><h3>Siga-nos<\/h3>\n<\/div><\/div><div class=\"w-separator size_small\"><\/div><div class=\"w-socials us_custom_113be8f4 color_text shape_none\" style=\"--gap:0.75em;\"><div class=\"w-socials-list\"><div class=\"w-socials-item instagram\"><a class=\"w-socials-item-link\" href=\"https:\/\/www.instagram.com\/pharlogtransportes\/\" target=\"_blank\" rel=\"noopener nofollow\" title=\"Instagram\" aria-label=\"Instagram\"><span class=\"w-socials-item-link-hover\"><\/span><i class=\"fab fa-instagram\"><\/i><\/a><\/div><\/div><\/div><\/div><\/div><\/div><\/div><div class=\"w-separator size_medium\"><\/div><\/div><\/div><\/div><\/div><\/div><\/section>\n","protected":false},"excerpt":{"rendered":"Fale conosco Agradecemos que tenha chegado at\u00e9 essa p\u00e1gina, estamos \u00e0 disposi\u00e7\u00e3o para um atendimento personalizado. Entre em contato. Onde estamos Rua Francisco Fanganiello, 392 Pq. Novo Mundo, S\u00e3o Paulo\/SP CEP: 02181-160 Nossos contatos (11) 2872-7200 (11) 97854-8257 (Whatsapp) comercial@pharlog.com.br Siga-nos","protected":false},"author":1,"featured_media":0,"parent":0,"menu_order":0,"comment_status":"closed","ping_status":"closed","template":"","meta":{"inline_featured_image":false,"footnotes":""},"class_list":["post-47","page","type-page","status-publish","hentry"],"_links":{"self":[{"href":"https:\/\/www.pharlog.com.br\/index.php?rest_route=\/wp\/v2\/pages\/47","targetHints":{"allow":["GET"]}}],"collection":[{"href":"https:\/\/www.pharlog.com.br\/index.php?rest_route=\/wp\/v2\/pages"}],"about":[{"href":"https:\/\/www.pharlog.com.br\/index.php?rest_route=\/wp\/v2\/types\/page"}],"author":[{"embeddable":true,"href":"https:\/\/www.pharlog.com.br\/index.php?rest_route=\/wp\/v2\/users\/1"}],"replies":[{"embeddable":true,"href":"https:\/\/www.pharlog.com.br\/index.php?rest_route=%2Fwp%2Fv2%2Fcomments&post=47"}],"version-history":[{"count":15,"href":"https:\/\/www.pharlog.com.br\/index.php?rest_route=\/wp\/v2\/pages\/47\/revisions"}],"predecessor-version":[{"id":7868,"href":"https:\/\/www.pharlog.com.br\/index.php?rest_route=\/wp\/v2\/pages\/47\/revisions\/7868"}],"wp:attachment":[{"href":"https:\/\/www.pharlog.com.br\/index.php?rest_route=%2Fwp%2Fv2%2Fmedia&parent=47"}],"curies":[{"name":"wp","href":"https:\/\/api.w.org\/{rel}","templated":true}]}}